{"id":154,"date":"2015-07-16T09:12:44","date_gmt":"2015-07-16T09:12:44","guid":{"rendered":"http:\/\/test.kriesi.at\/minimal-portfolio\/?page_id=154"},"modified":"2023-06-01T09:35:58","modified_gmt":"2023-06-01T07:35:58","slug":"about","status":"publish","type":"page","link":"https:\/\/ufeprode-rdc-org.iyebo.com\/index.php\/about\/","title":{"rendered":"\u00c0 propos de nous"},"content":{"rendered":"<div id='av_section_1'  class='avia-section main_color avia-section-default avia-no-border-styling  avia-full-stretch av-section-color-overlay-active avia-bg-style-scroll  avia-builder-el-0  el_before_av_section  avia-builder-el-first   av-minimum-height av-minimum-height-custom  container_wrap fullsize' style='background-repeat: no-repeat; background-image: url(https:\/\/ufeprode-rdc-org.iyebo.com\/wp-content\/uploads\/2023\/05\/femmes-mineurs-congo-kasomba.jpg);background-attachment: scroll; background-position: center center;  '  data-section-bg-repeat='stretch'><div class='av-section-color-overlay-wrap'><div class='av-section-color-overlay' style='opacity: 0.6; background-color: #007c07; '><\/div><div class='container' style='height:230px'><main  role=\"main\" itemprop=\"mainContentOfPage\"  class='template-page content  av-content-full alpha units'><div class='post-entry post-entry-type-page post-entry-154'><div class='entry-content-wrapper clearfix'>\n<div class=\"flex_column av_one_full  av-animated-generic left-to-right  flex_column_div av-zero-column-padding first  avia-builder-el-1  avia-builder-el-no-sibling  \" style='margin-top:0px; margin-bottom:0px; border-radius:0px; '><div  style='padding-bottom:0px; margin:0 0 0 0; color:#ffffff;font-size:4vw;' class='av-special-heading av-special-heading-h2 custom-color-heading blockquote modern-quote modern-centered  avia-builder-el-2  avia-builder-el-no-sibling  av-inherit-size '><h2 class='av-special-heading-tag '  itemprop=\"headline\"  >\u00c0 propos de notre organisation<\/h2><div class='special-heading-border'><div class='special-heading-inner-border' style='border-color:#ffffff'><\/div><\/div><\/div><\/div>\n\n<\/div><\/div><\/main><!-- close content main element --><\/div><\/div><\/div><div id='av_section_2'  class='avia-section main_color avia-section-huge avia-no-border-styling  avia-bg-style-scroll  avia-builder-el-3  el_after_av_section  avia-builder-el-last   container_wrap fullsize' style=' '  ><div class='container' ><div class='template-page content  av-content-full alpha units'><div class='post-entry post-entry-type-page post-entry-154'><div class='entry-content-wrapper clearfix'>\n<div class='flex_column_table av-equal-height-column-flextable -flextable' style='margin-top:0px; margin-bottom:0px; '><div class=\"flex_column av_one_full  av-animated-generic left-to-right  flex_column_table_cell av-equal-height-column av-align-middle first  avia-builder-el-4  el_before_av_hr  avia-builder-el-first  \" style='background:linear-gradient(45deg,#007c07,#007c07); padding:40px; background-color:#094978; border-radius:3px; '><p><div  style='padding-bottom:10px; margin-top:15; color:#ffffff;' class='av-special-heading av-special-heading-h2 custom-color-heading blockquote modern-quote  avia-builder-el-5  el_before_av_textblock  avia-builder-el-first  '><h2 class='av-special-heading-tag '  itemprop=\"headline\"  >Objectif global<\/h2><div class='special-heading-border'><div class='special-heading-inner-border' style='border-color:#ffffff'><\/div><\/div><\/div><br \/>\n<section class=\"av_textblock_section \"  itemscope=\"itemscope\" itemtype=\"https:\/\/schema.org\/CreativeWork\" ><div class='avia_textblock  av_inherit_color '  style='color:#ffffff; '  itemprop=\"text\" ><p><strong>L\u2019UFEPRODE<\/strong>\/RDC \u00a0\u00a0asbl\u00a0\u00a0 a comme objectif principal, la promotion et la \u00a0protection des droits\u00a0 de la femme et de l\u2019enfant, des personnes handicap\u00e9es\u00a0\u00a0 ainsi que la promotion du genre.<\/p>\n<\/div><\/section><\/p><\/div><\/div><!--close column table wrapper. Autoclose: 1 --><div  style=' margin-top:80px; margin-bottom:90px;'  class='hr hr-custom hr-center hr-icon-yes   avia-builder-el-7  el_after_av_one_full  el_before_av_one_full '><span class='hr-inner  inner-border-av-border-thin' style=' width:50px; border-color:#d3d3d3; max-width:45%;' ><span class='hr-inner-style'><\/span><\/span><span class='av-seperator-icon' style='color:#072f4c;' aria-hidden='true' data-av_icon='\uf119' data-av_iconfont='justice'><\/span><span class='hr-inner  inner-border-av-border-thin' style=' width:50px; border-color:#d3d3d3; max-width:45%;' ><span class='hr-inner-style'><\/span><\/span><\/div>\n<div class=\"flex_column av_one_full  av-animated-generic left-to-right  flex_column_div av-zero-column-padding first  avia-builder-el-8  el_after_av_hr  el_before_av_hr  \" style='margin-top:0px; margin-bottom:0px; border-radius:3px; '><p><div  style='padding-bottom:10px; margin-top:15; ' class='av-special-heading av-special-heading-h2  blockquote modern-quote  avia-builder-el-9  el_before_av_textblock  avia-builder-el-first  '><h2 class='av-special-heading-tag '  itemprop=\"headline\"  >Objectifs sp\u00e9cifiques vis\u00e9s par l\u2019UFEPRODE\/RDC<\/h2><div class='special-heading-border'><div class='special-heading-inner-border' ><\/div><\/div><\/div><br \/>\n<section class=\"av_textblock_section \"  itemscope=\"itemscope\" itemtype=\"https:\/\/schema.org\/CreativeWork\" ><div class='avia_textblock  '   itemprop=\"text\" ><ul>\n<li>Promouvoir et d\u00e9fendre les droits de la femme\u00a0de la jeune fille\u00a0et de l\u2019enfant;<\/li>\n<li>Accompagnement juridique et judiciaire\u00a0des personnes vuln\u00e9rables ;<\/li>\n<li>Lutter contre l\u2019impunit\u00e9 de toutes formes de violations des droits humains.<\/li>\n<li>Promouvoir le leadership f\u00e9minin et l\u2019Autonomisation de la femme et de la fille\u00a0;<\/li>\n<li>Promouvoir la Bonne Gouvernance et \u00a0la Participation de la femme dans les instances \u00a0de prise de d\u00e9cision\u00a0:<\/li>\n<li>Favoriser l\u2019acc\u00e8s aux\u00a0 soins de sant\u00e9 primaire et\u00a0 l\u2019Education,\u00a0 particuli\u00e8rement\u00a0 pour les enfants les plus vuln\u00e9rables.\u00a0;<\/li>\n<li>Militer Pour la protection des personnes marginalis\u00e9es\u00a0;<\/li>\n<li>Lutter contre la Pauvret\u00e9 \u00e0 travers l\u2019appui aux initiatives locales de d\u00e9veloppement durable, particuli\u00e8rement, les initiatives f\u00e9minines\u00a0;<\/li>\n<li>Favoriser l\u2019acc\u00e8s \u00e0 l\u2019assistance d\u2019urgence aux Femmes et aux Enfants y compris les\u00a0 personnes vuln\u00e9rables affect\u00e9es par les diff\u00e9rents conflits arm\u00e9s et aux calamit\u00e9s naturelles.<\/li>\n<\/ul>\n<\/div><\/section><\/p><\/div><div  style=' margin-top:80px; margin-bottom:90px;'  class='hr hr-custom hr-center hr-icon-yes   avia-builder-el-11  el_after_av_one_full  el_before_av_one_third '><span class='hr-inner  inner-border-av-border-thin' style=' width:50px; border-color:#d3d3d3; max-width:45%;' ><span class='hr-inner-style'><\/span><\/span><span class='av-seperator-icon' style='color:#072f4c;' aria-hidden='true' data-av_icon='\uf119' data-av_iconfont='justice'><\/span><span class='hr-inner  inner-border-av-border-thin' style=' width:50px; border-color:#d3d3d3; max-width:45%;' ><span class='hr-inner-style'><\/span><\/span><\/div>\n<div class=\"flex_column av_one_third  av-animated-generic left-to-right  flex_column_div av-zero-column-padding first  avia-builder-el-12  el_after_av_hr  el_before_av_one_third  \" style='margin-top:0px; margin-bottom:0px; border-radius:3px; '><p><div  style='padding-bottom:10px; margin-top:15; ' class='av-special-heading av-special-heading-h2  blockquote modern-quote  avia-builder-el-13  el_before_av_textblock  avia-builder-el-first  '><h2 class='av-special-heading-tag '  itemprop=\"headline\"  >Notre vision<\/h2><div class='special-heading-border'><div class='special-heading-inner-border' ><\/div><\/div><\/div><br \/>\n<section class=\"av_textblock_section \"  itemscope=\"itemscope\" itemtype=\"https:\/\/schema.org\/CreativeWork\" ><div class='avia_textblock  '   itemprop=\"text\" ><p style=\"text-align: justify;\">Faire de la sous-r\u00e9gion des Grands &#8211; Lacs un espace dans lequel toutes les femmes, toutes les jeunes filles et tous les enfants jouissent effectivement et efficacement de leurs droits et o\u00f9 prosp\u00e8rent les initiatives de d\u00e9veloppement promotrice de paix, dans un environnement sain pour l\u2019int\u00e9r\u00eat des g\u00e9n\u00e9rations pr\u00e9sentes et futures.<\/p>\n<\/div><\/section><\/p><\/div><div class=\"flex_column av_one_third  av-animated-generic left-to-right  flex_column_div av-zero-column-padding   avia-builder-el-15  el_after_av_one_third  el_before_av_one_third  \" style='margin-top:0px; margin-bottom:0px; border-radius:3px; '><p><div  style='padding-bottom:10px; margin-top:15; ' class='av-special-heading av-special-heading-h2  blockquote modern-quote  avia-builder-el-16  el_before_av_textblock  avia-builder-el-first  '><h2 class='av-special-heading-tag '  itemprop=\"headline\"  >Note mission<\/h2><div class='special-heading-border'><div class='special-heading-inner-border' ><\/div><\/div><\/div><br \/>\n<section class=\"av_textblock_section \"  itemscope=\"itemscope\" itemtype=\"https:\/\/schema.org\/CreativeWork\" ><div class='avia_textblock  '   itemprop=\"text\" ><p style=\"text-align: justify;\">Lutter contre l\u2019impunit\u00e9 \u00e0 travers l\u2019accompagnement juridique et judiciaire des Femmes, Jeunes filles et enfants en situation de vuln\u00e9rabilit\u00e9\u00a0tout en assurant l\u2019autonomisation de la femme, la consolidation de la paix, la r\u00e9solution pacifique des conflits et la protection de l\u2019environnement pour un d\u00e9veloppement durable dans la sous-r\u00e9gion des Grands-Lacs, en g\u00e9n\u00e9ral et en R\u00e9publique D\u00e9mocratique du Congo, en particulier.<\/p>\n<\/div><\/section><\/p><\/div><div class=\"flex_column av_one_third  av-animated-generic left-to-right  flex_column_div av-zero-column-padding   avia-builder-el-18  el_after_av_one_third  avia-builder-el-last  \" style='margin-top:0px; margin-bottom:0px; border-radius:3px; '><p><div  style='padding-bottom:10px; margin-top:15; ' class='av-special-heading av-special-heading-h2  blockquote modern-quote  avia-builder-el-19  el_before_av_textblock  avia-builder-el-first  '><h2 class='av-special-heading-tag '  itemprop=\"headline\"  >Nos domaines d\u00edntervention<\/h2><div class='special-heading-border'><div class='special-heading-inner-border' ><\/div><\/div><\/div><br \/>\n<section class=\"av_textblock_section \"  itemscope=\"itemscope\" itemtype=\"https:\/\/schema.org\/CreativeWork\" ><div class='avia_textblock  '   itemprop=\"text\" ><ul>\n<li>Pr\u00e9vention et R\u00e9ponse \u00e0 toutes formes de violation de droits humains\u00a0;<\/li>\n<li>Accompagnement juridique et judiciaire\u00a0;<\/li>\n<li>Justice, Paix, Protection et Pacification\u00a0;<\/li>\n<li>Autonomisation de la femme et de la jeune fille\u00a0;<\/li>\n<li>Education, Sant\u00e9 primaire et Urgence humanitaire;<\/li>\n<li>D\u00e9veloppement durable\u00a0et S\u00e9curit\u00e9 alimentaire\u00a0;<\/li>\n<li>Protection de l\u2019Environnement.<\/li>\n<\/ul>\n<\/div><\/section><\/p><\/div>\n","protected":false},"excerpt":{"rendered":"","protected":false},"author":1,"featured_media":0,"parent":0,"menu_order":0,"comment_status":"open","ping_status":"open","template":"","meta":{"footnotes":""},"class_list":["post-154","page","type-page","status-publish","hentry"],"_links":{"self":[{"href":"https:\/\/ufeprode-rdc-org.iyebo.com\/index.php\/wp-json\/wp\/v2\/pages\/154","targetHints":{"allow":["GET"]}}],"collection":[{"href":"https:\/\/ufeprode-rdc-org.iyebo.com\/index.php\/wp-json\/wp\/v2\/pages"}],"about":[{"href":"https:\/\/ufeprode-rdc-org.iyebo.com\/index.php\/wp-json\/wp\/v2\/types\/page"}],"author":[{"embeddable":true,"href":"https:\/\/ufeprode-rdc-org.iyebo.com\/index.php\/wp-json\/wp\/v2\/users\/1"}],"replies":[{"embeddable":true,"href":"https:\/\/ufeprode-rdc-org.iyebo.com\/index.php\/wp-json\/wp\/v2\/comments?post=154"}],"version-history":[{"count":15,"href":"https:\/\/ufeprode-rdc-org.iyebo.com\/index.php\/wp-json\/wp\/v2\/pages\/154\/revisions"}],"predecessor-version":[{"id":961,"href":"https:\/\/ufeprode-rdc-org.iyebo.com\/index.php\/wp-json\/wp\/v2\/pages\/154\/revisions\/961"}],"wp:attachment":[{"href":"https:\/\/ufeprode-rdc-org.iyebo.com\/index.php\/wp-json\/wp\/v2\/media?parent=154"}],"curies":[{"name":"wp","href":"https:\/\/api.w.org\/{rel}","templated":true}]}}